{"id":3278,"date":"2023-10-30T05:15:10","date_gmt":"2023-10-30T05:15:10","guid":{"rendered":"https:\/\/demos-prague.foxthemes.me\/elementor\/?page_id=3278"},"modified":"2025-04-04T16:43:55","modified_gmt":"2025-04-04T16:43:55","slug":"hakkimizda","status":"publish","type":"page","link":"https:\/\/ffg.com.tr\/index.php\/hakkimizda\/","title":{"rendered":"Hakk\u0131m\u0131zda"},"content":{"rendered":"\t\t<div data-elementor-type=\"wp-page\" data-elementor-id=\"3278\" class=\"elementor elementor-3278\">\n\t\t\t\t<div class=\"elementor-element elementor-element-98ca163 e-con-full e-flex e-con e-parent\" data-id=\"98ca163\" data-element_type=\"container\" data-e-type=\"container\">\n\t\t\t\t<div class=\"elementor-element elementor-element-27097f1 elementor-widget__width-inherit elementor-widget elementor-widget-banner-title\" data-id=\"27097f1\" data-element_type=\"widget\" data-e-type=\"widget\" data-widget_type=\"banner-title.default\">\n\t\t\t\t<div class=\"elementor-widget-container\">\n\t\t\t\t\t\t\t<section class=\"container-fluid top-banner no-padd  simple fullheight light\">\t\t\t\t<span class=\"overlay\"><\/span>\n\t\t\t<img decoding=\"async\" src=\"https:\/\/ffg.com.tr\/wp-content\/uploads\/2017\/01\/08-min.jpg\" class=\"s-img-switch\" alt=\"\" \/>\t\t\t<div class=\"content\">\n\t\t\t\t<div class=\"prague-svg-animation-text\">\n\t\t\t\t\t\t\t\t\t<\/div>\n\t\t\t\t<div class=\"subtitle\">NEDEN B\u0130Z<\/div>\t\t\t\t<h2 class=\"title\">Estetik ve Fonksiyonun<br> Bulu\u015ftu\u011fu Nokta!<\/h2>\t\t\t\t\t\t\t\t\t\t\t<\/div>\n\t\t\t<div class=\"top-banner-cursor\"><\/div>\n\t\t<\/section>\n\t\t\t\t\t\t<\/div>\n\t\t\t\t<\/div>\n\t\t\t\t<\/div>\n\t\t<div class=\"elementor-element elementor-element-0b11628 e-flex e-con-boxed e-con e-parent\" data-id=\"0b11628\" data-element_type=\"container\" data-e-type=\"container\">\n\t\t\t\t\t<div class=\"e-con-inner\">\n\t\t<div class=\"elementor-element elementor-element-5dc36e2 e-con-full e-flex e-con e-child\" data-id=\"5dc36e2\" data-element_type=\"container\" data-e-type=\"container\">\n\t\t\t\t<div class=\"elementor-element elementor-element-92e024c elementor-widget elementor-widget-counters-widget\" data-id=\"92e024c\" data-element_type=\"widget\" data-e-type=\"widget\" data-widget_type=\"counters-widget.default\">\n\t\t\t\t<div class=\"elementor-widget-container\">\n\t\t\t\t\t\t\t\t\t<div class=\"prague-counter  alone_item no-figure\">\n\n          <div class=\"figures none\">\n             <!-- triangle -->\n                          <svg xmlns=\"http:\/\/www.w3.org\/2000\/svg\" viewBox=\"0 0 200 200\"\n                preserveAspectRatio=\"xMidYMid meet\" >\n                                      <polygon points=\"\"  \/>\n                               <\/svg>\n                       <\/div>\n\n            <div class=\"counter-outer\"  style=\"padding:10;\">\n\n\t\t\t\t<img decoding=\"async\" src=\"https:\/\/ffg.com.tr\/wp-content\/uploads\/2017\/01\/7-4.jpg\" class=\"prague-counter-img s-img-switch\" alt=\"\" \/>          \n                                          <div class=\"numbers\">\n                                        <svg>\n                        <defs>\n                          <mask id=\"coming_mask_0\" x=\"0\" y=\"0\">\n                            <rect class=\"coming-alpha\" x=\"0\" y=\"0\" width=\"100%\" height=\"100%\"><\/rect>\n                                                        <text class=\"count number\" x=\"50%\" y=\"45%\" text-anchor=\"middle\" alignment-baseline=\"middle\">20<\/text>\n                                                                                    <text class=\"count title\" x=\"50%\" y=\"70%\" text-anchor=\"middle\" alignment-baseline=\"middle\" >Y\u0131ll\u0131k Tecrube<\/text>\n                                                      <\/mask>\n                        <\/defs>\n                        <rect style=\"-webkit-mask: url(#coming_mask_0); mask: url(#coming_mask_0);\" class=\"base\" x=\"0\" y=\"0\" width=\"100%\" height=\"100%\"><\/rect>\n                      <\/svg>\n                      \n                  \n                                <\/div>\n              \n            <\/div>\n        <\/div>\n\t\t\t\t\t\t\t<\/div>\n\t\t\t\t<\/div>\n\t\t\t\t<\/div>\n\t\t<div class=\"elementor-element elementor-element-650bce6 e-con-full e-flex e-con e-child\" data-id=\"650bce6\" data-element_type=\"container\" data-e-type=\"container\">\n\t\t\t\t<div class=\"elementor-element elementor-element-f683ff5 elementor-widget elementor-widget-headings-widget\" data-id=\"f683ff5\" data-element_type=\"widget\" data-e-type=\"widget\" data-widget_type=\"headings-widget.default\">\n\t\t\t\t<div class=\"elementor-widget-container\">\n\t\t\t\t\t            <div class=\"heading  left dark vertical_line\">\n\t\t\t\t\n\t\t\t\t                    <div class=\"subtitle divider\">HAKKIMIZDA<\/div>\n                                                    <h2 class=\"title s\">Hayallerinizin Mimarisi,<br> Gelece\u011fin Tasar\u0131m\u0131!<\/h2>\n                \t\t\t\t                <div class=\"content \">\n                    <p><p data-pm-slice=\"1 1 []\">FFG Mimarl\u0131k olarak, kuruldu\u011fumuz g\u00fcnden bu yana mimari tasar\u0131m, i\u00e7 mek\u00e2n d\u00fczenlemeleri ve proje y\u00f6netimi alanlar\u0131nda yenilik\u00e7i ve s\u00fcrd\u00fcr\u00fclebilir \u00e7\u00f6z\u00fcmler sunmaktay\u0131z. Mimarl\u0131k sanat\u0131n\u0131, \u00e7a\u011fda\u015f tasar\u0131m anlay\u0131\u015f\u0131 ile birle\u015ftirerek estetik ve fonksiyonelli\u011fi \u00f6n planda tutan projelere imza at\u0131yoruz. Her biri alan\u0131nda uzman mimar, m\u00fchendis ve tasar\u0131mc\u0131 kadromuzla, m\u00fc\u015fterilerimizin hayallerini ger\u00e7e\u011fe d\u00f6n\u00fc\u015ft\u00fcrmek i\u00e7in tutkuyla \u00e7al\u0131\u015f\u0131yoruz.<\/p><\/p><\/div>\n\t\t\t\t\n            <\/div>\n\t\t\t\t\t\t\t<\/div>\n\t\t\t\t<\/div>\n\t\t\t\t<\/div>\n\t\t\t\t\t<\/div>\n\t\t\t\t<\/div>\n\t\t<div class=\"elementor-element elementor-element-0f1613c e-flex e-con-boxed e-con e-parent\" data-id=\"0f1613c\" data-element_type=\"container\" data-e-type=\"container\">\n\t\t\t\t\t<div class=\"e-con-inner\">\n\t\t\t\t<div class=\"elementor-element elementor-element-8dc3d8e elementor-widget elementor-widget-text-editor\" data-id=\"8dc3d8e\" data-element_type=\"widget\" data-e-type=\"widget\" data-widget_type=\"text-editor.default\">\n\t\t\t\t<div class=\"elementor-widget-container\">\n\t\t\t\t\t\t\t\t\t<p><strong>\u00a0 \u00a0 \u00a0 \u00a0 \u00a0 \u00a0 \u00a0 \u00a0 \u00a0 \u00a0 \u00a0 \u00a0 \u00a0 \u00a0 \u00a0 \u00a0 \u00a0 \u00a0 \u00a0 \u00a0 \u00a0 \u00a0 \u00a0 \u00a0 \u00a0 \u00a0 \u00a0 \u00a0 \u00a0 \u00a0 \u00a0 \u00a0 \u00a0 \u00a0 \u00a0 \u00a0 \u00a0 \u00a0 \u00a0 \u00a0 \u00a0 \u00a0 \u00a0 \u00a0 \u00a0 \u00a0 \u00a0 \u00a0 \u00a0 \u00a0 \u00a0 \u00a0 \u00a0 \u00a0 \u00a0 \u00a0 \u00a0 \u00a0 \u00a0 \u00a0 \u00a0 \u00a0 \u00a0 \u00a0 \u00a0 Vizyonumuz<\/strong><\/p><p>FFG Mimarl\u0131k olarak, estetik ve i\u015flevselli\u011fi bir araya getiren, s\u00fcrd\u00fcr\u00fclebilir ve yenilik\u00e7i mimari \u00e7\u00f6z\u00fcmler sunarak sekt\u00f6rde \u00f6nc\u00fc bir marka olmay\u0131 hedefliyoruz. Yaln\u0131zca yap\u0131lar in\u015fa etmek de\u011fil, ayn\u0131 zamanda ya\u015fanabilir, konforlu ve \u00e7evre dostu mek\u00e2nlar yaratmak i\u00e7in var\u0131z. Kaliteli i\u015f\u00e7ili\u011fimiz, titiz projelendirme s\u00fcre\u00e7lerimiz ve m\u00fc\u015fteri memnuniyetini esas alan \u00e7al\u0131\u015fma prensibimizle, fark yaratan projelere imza at\u0131yoruz.<\/p><p><strong>\u00a0 \u00a0 \u00a0 \u00a0 \u00a0 \u00a0 \u00a0 \u00a0 \u00a0 \u00a0 \u00a0 \u00a0 \u00a0 \u00a0 \u00a0 \u00a0 \u00a0 \u00a0 \u00a0 \u00a0 \u00a0 \u00a0 \u00a0 \u00a0 \u00a0 \u00a0 \u00a0 \u00a0 \u00a0 \u00a0 \u00a0 \u00a0 \u00a0 \u00a0 \u00a0 \u00a0 \u00a0 \u00a0 \u00a0 \u00a0 \u00a0 \u00a0 \u00a0 \u00a0 \u00a0 \u00a0 \u00a0 \u00a0 \u00a0 \u00a0 \u00a0 \u00a0 \u00a0 \u00a0 \u00a0 \u00a0 \u00a0 \u00a0 \u00a0 \u00a0 \u00a0 \u00a0 \u00a0 \u00a0 \u00a0Misyonumuz<\/strong><\/p><p>Misyonumuz, insan odakl\u0131 tasar\u0131m anlay\u0131\u015f\u0131m\u0131zla, kullan\u0131c\u0131lar\u0131na estetik, konforlu ve s\u00fcrd\u00fcr\u00fclebilir ya\u015fam alanlar\u0131 sunmakt\u0131r. Mimari tasar\u0131m\u0131n yaln\u0131zca bir sanat de\u011fil, ayn\u0131 zamanda ya\u015fam kalitesini art\u0131ran bir disiplin oldu\u011funa inan\u0131yoruz. Bu do\u011frultuda; her projeyi \u00f6zenle ele alarak, mimari \u00e7\u00f6z\u00fcmlerimizi m\u00fc\u015fterilerimizin ihtiya\u00e7lar\u0131 do\u011frultusunda \u015fekillendiriyoruz. Yenilik\u00e7i tasar\u0131m yakla\u015f\u0131mlar\u0131m\u0131z ve teknolojiyi en iyi \u015fekilde kullanmam\u0131z sayesinde, fark yaratan projeler \u00fcretmeye devam ediyoruz.<\/p><p><strong>\u00a0 \u00a0 \u00a0 \u00a0 \u00a0 \u00a0 \u00a0 \u00a0 \u00a0 \u00a0 \u00a0 \u00a0 \u00a0 \u00a0 \u00a0 \u00a0 \u00a0 \u00a0 \u00a0 \u00a0 \u00a0 \u00a0 \u00a0 \u00a0 \u00a0 \u00a0 \u00a0 \u00a0 \u00a0 \u00a0 \u00a0 \u00a0 \u00a0 \u00a0 \u00a0 \u00a0 \u00a0 \u00a0 \u00a0 \u00a0 \u00a0 \u00a0 \u00a0 \u00a0 \u00a0 \u00a0 \u00a0 \u00a0 \u00a0 \u00a0 \u00a0 \u00a0 \u00a0 \u00a0 \u00a0 \u00a0 \u00a0 \u00a0 \u00a0 \u00a0 \u00a0 \u00a0 \u00a0 \u00a0 \u00a0 De\u011ferlerimiz<\/strong><\/p><ul><li><strong>Yenilik\u00e7ilik:<\/strong> S\u00fcrekli geli\u015fen mimarl\u0131k d\u00fcnyas\u0131n\u0131 takip ederek en yeni trendleri ve teknolojileri projelerimize entegre ediyoruz.<\/li><li><strong>S\u00fcrd\u00fcr\u00fclebilirlik:<\/strong> \u00c7evre dostu malzemeler ve enerji verimlili\u011fi sa\u011flayan \u00e7\u00f6z\u00fcmlerle gelece\u011fe duyarl\u0131 projeler \u00fcretiyoruz.<\/li><li><strong>Kalite:<\/strong> Proje y\u00f6netiminden uygulama s\u00fcrecine kadar y\u00fcksek kalite standartlar\u0131n\u0131 koruyarak m\u00fc\u015fteri memnuniyetini \u00f6n planda tutuyoruz.<\/li><li><strong>M\u00fc\u015fteri Odakl\u0131l\u0131k:<\/strong> M\u00fc\u015fterilerimizin beklentilerini en iyi \u015fekilde anlayarak, onlar\u0131n hayallerine en uygun tasar\u0131mlar\u0131 olu\u015fturuyoruz.<\/li><li><strong>Ekip \u00c7al\u0131\u015fmas\u0131:<\/strong> Alan\u0131nda uzman ekibimizle, her projeyi titizlikle ele al\u0131yor ve tak\u0131m ruhu i\u00e7inde \u00e7al\u0131\u015farak en iyi sonu\u00e7lar\u0131 elde ediyoruz.<\/li><\/ul><p><strong>\u00a0 \u00a0 \u00a0 \u00a0 \u00a0 \u00a0 \u00a0 \u00a0 \u00a0 \u00a0 \u00a0 \u00a0 \u00a0 \u00a0 \u00a0 \u00a0 \u00a0 \u00a0 \u00a0 \u00a0 \u00a0 \u00a0 \u00a0 \u00a0 \u00a0 \u00a0 \u00a0 \u00a0 \u00a0 \u00a0 \u00a0 \u00a0 \u00a0 \u00a0 \u00a0 \u00a0 \u00a0 \u00a0 \u00a0 \u00a0 \u00a0 \u00a0 \u00a0 \u00a0 \u00a0 \u00a0 \u00a0 \u00a0 \u00a0 \u00a0 \u00a0 \u00a0 \u00a0 \u00a0 \u00a0 \u00a0 \u00a0 \u00a0 \u00a0 \u00a0 \u00a0 \u00a0 \u00a0\u00a0<\/strong><\/p><p><strong>\u00a0 \u00a0 \u00a0 \u00a0 \u00a0 \u00a0 \u00a0 \u00a0 \u00a0 \u00a0 \u00a0 \u00a0 \u00a0 \u00a0 \u00a0 \u00a0 \u00a0 \u00a0 \u00a0 \u00a0 \u00a0 \u00a0 \u00a0 \u00a0 \u00a0 \u00a0 \u00a0 \u00a0 \u00a0 \u00a0 \u00a0 \u00a0 \u00a0 \u00a0 \u00a0 \u00a0 \u00a0 \u00a0 \u00a0 \u00a0 \u00a0 \u00a0 \u00a0 \u00a0 \u00a0 \u00a0 \u00a0 \u00a0 \u00a0 \u00a0 \u00a0 \u00a0 \u00a0 \u00a0 \u00a0 \u00a0 \u00a0 \u00a0 \u00a0 \u00a0 \u00a0 \u00a0 \u00a0Neden FFG Mimarl\u0131k?<\/strong><\/p><ul><li>Deneyimli ve uzman kadromuzla, her projeye \u00f6zg\u00fcn \u00e7\u00f6z\u00fcmler \u00fcretiyoruz.<\/li><li>M\u00fc\u015fterilerimizle g\u00fc\u00e7l\u00fc bir ileti\u015fim kurarak onlar\u0131n beklentilerini eksiksiz kar\u015f\u0131l\u0131yoruz.<\/li><li>Teknolojiyi ve en yeni tasar\u0131m trendlerini yak\u0131ndan takip ederek, modern mimari \u00e7\u00f6z\u00fcmler sunuyoruz.<\/li><li>S\u00fcrd\u00fcr\u00fclebilir, estetik ve i\u015flevsel projelerle ya\u015fam alanlar\u0131n\u0131 daha iyi hale getiriyoruz.<\/li><li>Proje s\u00fcrecinin her a\u015famas\u0131nda \u015feffaf, disiplinli ve titiz bir \u00e7al\u0131\u015fma y\u00fcr\u00fct\u00fcyoruz.<\/li><\/ul><p>FFG Mimarl\u0131k olarak, her projeye ayr\u0131 bir \u00f6zen g\u00f6steriyor ve en ince detay\u0131na kadar d\u00fc\u015f\u00fcnerek hayata ge\u00e7iriyoruz. M\u00fc\u015fterilerimizin ihtiya\u00e7lar\u0131n\u0131 ve hayallerini ger\u00e7e\u011fe d\u00f6n\u00fc\u015ft\u00fcrmek i\u00e7in buraday\u0131z. Gelin, birlikte ya\u015fam alanlar\u0131n\u0131za de\u011fer katal\u0131m!<\/p><p>\u00a0<\/p><p>\u00a0<\/p>\t\t\t\t\t\t\t\t<\/div>\n\t\t\t\t<\/div>\n\t\t\t\t\t<\/div>\n\t\t\t\t<\/div>\n\t\t<div class=\"elementor-element elementor-element-9ff02c7 e-con-full e-flex e-con e-parent\" data-id=\"9ff02c7\" data-element_type=\"container\" data-e-type=\"container\">\n\t\t\t\t<div class=\"elementor-element elementor-element-306f485 elementor-widget elementor-widget-prague-wrapper\" data-id=\"306f485\" data-element_type=\"widget\" data-e-type=\"widget\" data-widget_type=\"prague-wrapper.default\">\n\t\t\t\t<div class=\"elementor-widget-container\">\n\t\t\t\t\t\t\t\t<div class=\"prague-shortcode-parent \">\n\t\t\t\t<div class=\"prague-shortcode-parent-img\">\n\t\t\t\t\t<span class=\"overlay\"><\/span>\n\t\t\t\t\t<img decoding=\"async\" src=\"https:\/\/ffg.com.tr\/wp-content\/uploads\/2017\/02\/a6ec5612273735.56265d52bc52e-1.jpg\" class=\"s-img-switch\" alt=\"\" \/>\t\t\t\t<\/div>\n\t\t\t\t\n\t\t\t\t<div class=\"prague-shortcode-content-wrapp\">\n\t\t\t\t\t<div class=\"prague-shortcode-heading  light left\">\n\t\t\t\t\t\t\t\t\t\t\t\t\t<div class=\"parent-subtitle \">Hizmetlerimiz<\/div class=\"subtitle\">\n\t\t\t\t\t\t\n\t\t\t\t\t\t\t\t\t\t\t\t\t<h2 class=\"parent-title\">FFG Mimarl\u0131k olarak geni\u015f bir yelpazede hizmet sunmaktay\u0131z:<\/h2>\n\t\t\t\t\t\t\t\t\t\t\t<\/div>\n\t\t\t\t\n\t\t\t\t\t\t\t\t\t<\/div>\n\t\t\t\t\n\t\t\t<\/div>\n\t\t\t\t\t\t\t<\/div>\n\t\t\t\t<\/div>\n\t\t\t\t<\/div>\n\t\t<div class=\"elementor-element elementor-element-65c544f7 e-flex e-con-boxed e-con e-parent\" data-id=\"65c544f7\" data-element_type=\"container\" data-e-type=\"container\">\n\t\t\t\t\t<div class=\"e-con-inner\">\n\t\t\t\t<div class=\"elementor-element elementor-element-10a86279 services_section_about_me_page elementor-widget elementor-widget-custom-post-type-widget\" data-id=\"10a86279\" data-element_type=\"widget\" data-e-type=\"widget\" data-widget_type=\"custom-post-type-widget.default\">\n\t\t\t\t<div class=\"elementor-widget-container\">\n\t\t\t\t\t<div data-unique-key=\"0bf3c8aa9017e52dd041b7e2c3327621\" class=\"js-load-more\" data-start-page=\"1\" data-max-page=\"1\" data-next-link=\"\"><div class=\"row prague_services prague_count_col3 prague_gap_col15  no-footer-content prague-load-wrapper\" data-columns=\"prague_count_col3\" data-gap=\"prague_gap_col15\">\n<div class=\"portfolio-item-wrapp prague_filter_class \">\n\t<div class=\"portfolio-item\">\n\n\t\t<div class=\"prague-services-wrapper\">\n\t\t\t\t\t\t\t<span class=\"services-item-icon icon-circle-compass\"><\/span>\n\t\t\t \n\t\t\t<h3 class=\"services-item-title\">Mimari Tasar\u0131m Hizmetleri<\/h3>\n\t\t\t<div class=\"services-item-description\">\n\t\t\t\t<p>Konut, ticari alanlar, ofisler, oteller, kamusal alanlar ve daha bir\u00e7ok yap\u0131 t\u00fcr\u00fc i\u00e7in \u00e7a\u011fda\u015f ve i\u015flevsel tasar\u0131mlar \u00fcretiyoruz.<\/p>\n\t\t\t<\/div>\n\t\t\t\t\t\t<a href=\"https:\/\/ffg.com.tr\/index.php\/services-item\/mimari-tasarim-hizmetleri\/\" class=\"prague-services-link a-btn-2 simple\" target=\"_blank\">\n\t\t\t\t<span class=\"a-btn-line\"><\/span>\n\t\t\t    READ\t\t\t<\/a>\n\n\t\t<\/div>\n\n\t<\/div>\n<\/div>\n<div class=\"portfolio-item-wrapp prague_filter_class  column_paralax\">\n\t<div class=\"portfolio-item\">\n\n\t\t<div class=\"prague-services-wrapper\">\n\t\t\t\t\t\t\t<span class=\"services-item-icon icon-lightbulb\"><\/span>\n\t\t\t \n\t\t\t<h3 class=\"services-item-title\">\u0130\u00e7 Mimarl\u0131k Hizmetleri<\/h3>\n\t\t\t<div class=\"services-item-description\">\n\t\t\t\t<p>\u0130\u00e7 mekan tasar\u0131m\u0131nda modern, fonksiyonel ve estetik detaylar\u0131 bir araya getirerek, ya\u015fam alanlar\u0131n\u0131 daha konforlu ve kullan\u0131\u015fl\u0131 hale getirir.<\/p>\n\t\t\t<\/div>\n\t\t\t\t\t\t<a href=\"https:\/\/ffg.com.tr\/index.php\/services-item\/ic-mimarlik-hizmetleri\/\" class=\"prague-services-link a-btn-2 simple\" target=\"_blank\">\n\t\t\t\t<span class=\"a-btn-line\"><\/span>\n\t\t\t    READ\t\t\t<\/a>\n\n\t\t<\/div>\n\n\t<\/div>\n<\/div>\n<div class=\"portfolio-item-wrapp prague_filter_class \">\n\t<div class=\"portfolio-item\">\n\n\t\t<div class=\"prague-services-wrapper\">\n\t\t\t\t\t\t\t<span class=\"services-item-icon icon-layers\"><\/span>\n\t\t\t \n\t\t\t<h3 class=\"services-item-title\">Kentsel Tasar\u0131m ve Planlama Hizmetleri<\/h3>\n\t\t\t<div class=\"services-item-description\">\n\t\t\t\t<p>\u015eehirlerin ve b\u00f6lgelerin geli\u015fimine katk\u0131 sa\u011flayan kentsel tasar\u0131m projeleri, s\u00fcrd\u00fcr\u00fclebilir, estetik ve fonksiyonel \u00e7\u00f6z\u00fcmler sunar.<\/p>\n\t\t\t<\/div>\n\t\t\t\t\t\t<a href=\"https:\/\/ffg.com.tr\/index.php\/services-item\/kentsel-tasarim-ve-planlama-hizmetleri\/\" class=\"prague-services-link a-btn-2 simple\" target=\"_blank\">\n\t\t\t\t<span class=\"a-btn-line\"><\/span>\n\t\t\t    READ\t\t\t<\/a>\n\n\t\t<\/div>\n\n\t<\/div>\n<\/div>\n<div class=\"portfolio-item-wrapp prague_filter_class \">\n\t<div class=\"portfolio-item\">\n\n\t\t<div class=\"prague-services-wrapper\">\n\t\t\t\t\t\t\t<span class=\"services-item-icon icon-tools-2\"><\/span>\n\t\t\t \n\t\t\t<h3 class=\"services-item-title\">Proje Y\u00f6netimi ve Dan\u0131\u015fmanl\u0131k Hizmetleri<\/h3>\n\t\t\t<div class=\"services-item-description\">\n\t\t\t\t<p>Mimari projelerin hayata ge\u00e7irilme s\u00fcrecinde profesyonel proje y\u00f6netimi ve dan\u0131\u015fmanl\u0131k hizmetleri sunularak zaman\u0131nda ve b\u00fct\u00e7eye uygun \u00e7\u00f6z\u00fcmler sa\u011flan\u0131r.<\/p>\n\t\t\t<\/div>\n\t\t\t\t\t\t<a href=\"https:\/\/ffg.com.tr\/index.php\/services-item\/proje-yonetimi-ve-danismanlik-hizmetleri\/\" class=\"prague-services-link a-btn-2 simple\" target=\"_blank\">\n\t\t\t\t<span class=\"a-btn-line\"><\/span>\n\t\t\t    READ\t\t\t<\/a>\n\n\t\t<\/div>\n\n\t<\/div>\n<\/div>\n<div class=\"portfolio-item-wrapp prague_filter_class  column_paralax\">\n\t<div class=\"portfolio-item\">\n\n\t\t<div class=\"prague-services-wrapper\">\n\t\t\t\t\t\t\t<span class=\"services-item-icon icon-puzzle\"><\/span>\n\t\t\t \n\t\t\t<h3 class=\"services-item-title\">Restorasyon ve Koruma Projeleri<\/h3>\n\t\t\t<div class=\"services-item-description\">\n\t\t\t\t<p>Tarihi ve k\u00fclt\u00fcrel miras\u0131n korunmas\u0131 amac\u0131yla restorasyon projeleri ger\u00e7ekle\u015ftirilir.<\/p>\n\t\t\t<\/div>\n\t\t\t\t\t\t<a href=\"https:\/\/ffg.com.tr\/index.php\/services-item\/building\/\" class=\"prague-services-link a-btn-2 simple\" target=\"_blank\">\n\t\t\t\t<span class=\"a-btn-line\"><\/span>\n\t\t\t    READ\t\t\t<\/a>\n\n\t\t<\/div>\n\n\t<\/div>\n<\/div>\n<div class=\"portfolio-item-wrapp prague_filter_class \">\n\t<div class=\"portfolio-item\">\n\n\t\t<div class=\"prague-services-wrapper\">\n\t\t\t\t\t\t\t<span class=\"services-item-icon icon-chat\"><\/span>\n\t\t\t \n\t\t\t<h3 class=\"services-item-title\">S\u00fcrd\u00fcr\u00fclebilir ve Ye\u015fil Bina Tasar\u0131m\u0131<\/h3>\n\t\t\t<div class=\"services-item-description\">\n\t\t\t\t<p>\u00c7evre dostu ve enerji verimli projeler geli\u015ftirerek, s\u00fcrd\u00fcr\u00fclebilir mimari \u00e7\u00f6z\u00fcmler sunar.<\/p>\n\t\t\t<\/div>\n\t\t\t\t\t\t<a href=\"https:\/\/ffg.com.tr\/index.php\/services-item\/surdurulebilir-ve-yesil-bina-tasarimi\/\" class=\"prague-services-link a-btn-2 simple\" target=\"_blank\">\n\t\t\t\t<span class=\"a-btn-line\"><\/span>\n\t\t\t    READ\t\t\t<\/a>\n\n\t\t<\/div>\n\n\t<\/div>\n<\/div>\t\t<\/div>\n\t\t\t\n\t\t<\/div>\n\t\t\t\t\t\t<\/div>\n\t\t\t\t<\/div>\n\t\t\t\t\t<\/div>\n\t\t\t\t<\/div>\n\t\t\t\t<\/div>\n\t\t","protected":false},"excerpt":{"rendered":"<p>\u00a0 \u00a0 \u00a0 \u00a0 \u00a0 \u00a0 \u00a0 \u00a0 \u00a0 \u00a0 \u00a0 \u00a0 \u00a0 \u00a0 \u00a0 \u00a0 \u00a0 \u00a0 \u00a0 \u00a0<\/p>\n","protected":false},"author":1,"featured_media":0,"parent":0,"menu_order":0,"comment_status":"closed","ping_status":"closed","template":"elementor_header_footer","meta":{"footnotes":""},"class_list":["post-3278","page","type-page","status-publish","hentry"],"featured_image_src":"","featured_image_src_square":"","_links":{"self":[{"href":"https:\/\/ffg.com.tr\/index.php\/wp-json\/wp\/v2\/pages\/3278","targetHints":{"allow":["GET"]}}],"collection":[{"href":"https:\/\/ffg.com.tr\/index.php\/wp-json\/wp\/v2\/pages"}],"about":[{"href":"https:\/\/ffg.com.tr\/index.php\/wp-json\/wp\/v2\/types\/page"}],"author":[{"embeddable":true,"href":"https:\/\/ffg.com.tr\/index.php\/wp-json\/wp\/v2\/users\/1"}],"replies":[{"embeddable":true,"href":"https:\/\/ffg.com.tr\/index.php\/wp-json\/wp\/v2\/comments?post=3278"}],"version-history":[{"count":46,"href":"https:\/\/ffg.com.tr\/index.php\/wp-json\/wp\/v2\/pages\/3278\/revisions"}],"predecessor-version":[{"id":5653,"href":"https:\/\/ffg.com.tr\/index.php\/wp-json\/wp\/v2\/pages\/3278\/revisions\/5653"}],"wp:attachment":[{"href":"https:\/\/ffg.com.tr\/index.php\/wp-json\/wp\/v2\/media?parent=3278"}],"curies":[{"name":"wp","href":"https:\/\/api.w.org\/{rel}","templated":true}]}}