{"id":4581,"date":"2023-11-02T05:41:18","date_gmt":"2023-11-02T05:41:18","guid":{"rendered":"https:\/\/demos-prague.foxthemes.me\/elementor\/?page_id=4581"},"modified":"2025-04-03T15:27:57","modified_gmt":"2025-04-03T15:27:57","slug":"referanslar","status":"publish","type":"page","link":"https:\/\/ffg.com.tr\/index.php\/referanslar\/","title":{"rendered":"Projeler"},"content":{"rendered":"\t\t<div data-elementor-type=\"wp-page\" data-elementor-id=\"4581\" class=\"elementor elementor-4581\">\n\t\t\t\t<div class=\"elementor-element elementor-element-df30777 e-con-full e-flex e-con e-parent\" data-id=\"df30777\" data-element_type=\"container\" data-e-type=\"container\">\n\t\t\t\t<div class=\"elementor-element elementor-element-e3a875e elementor-widget elementor-widget-headings-widget\" data-id=\"e3a875e\" data-element_type=\"widget\" data-e-type=\"widget\" data-widget_type=\"headings-widget.default\">\n\t\t\t\t<div class=\"elementor-widget-container\">\n\t\t\t\t\t            <div class=\"heading  left dark \">\n\t\t\t\t\n\t\t\t\t                \t\t\t\t                <div class=\"content \">\n                    <p><!-- The Grid Plugin Version 2.7.9.5 --><!-- The Grid Wrapper Start --><div class=\"tg-grid-wrapper prague-projects-fullscreen portfolio-masonry  tg-txt\" id=\"grid-2548\" data-version=\"2.7.9.5\"><!-- The Grid Styles --><style class=\"tg-grid-styles\" type=\"text\/css\">#grid-2548 .tg-nav-color:not(.dots):not(.tg-dropdown-value):not(.tg-dropdown-title):hover,#grid-2548 .tg-nav-color:hover .tg-nav-color,#grid-2548 .tg-page-number.tg-page-current,#grid-2548 .tg-filter.tg-filter-active span{color:#ff6863}#grid-2548 .tg-filter:before,#grid-2548 .tg-filter.tg-filter-active:before{color:#999999}#grid-2548 .tg-dropdown-holder,#grid-2548 .tg-search-inner,#grid-2548 .tg-sorter-order{border:1px solid rgba(153,153,153,0.6)}#grid-2548 .tg-search-clear,#grid-2548 .tg-search-clear:hover{border:none;border-left:1px solid rgba(153,153,153,0.6)}.tg-txt .tg-nav-font,.tg-txt input[type=text].tg-search{font-size:14px;font-weight:600}.tg-txt .tg-search::-webkit-input-placeholder{font-size:14px}.tg-txt .tg-search::-moz-placeholder{font-size:14px}.tg-txt .tg-search:-ms-input-placeholder{font-size:14px}.tg-txt .tg-icon-left-arrow:before{content:\"\\e604\";font-size:32px;font-weight:100}.tg-txt .tg-icon-right-arrow:before{content:\"\\e602\";font-size:32px;font-weight:100}.tg-txt .tg-icon-dropdown-open:before,.tg-txt .tg-icon-sorter-down:before{content:\"\\e60a\"}.tg-txt .tg-icon-sorter-up:before{content:\"\\e609\"}.tg-txt .tg-search-clear:before{content:\"\\e611\";font-weight:300}.tg-txt .tg-search-icon:before{content:\"\\e62e\";font-size:16px;font-weight:600}#grid-2548 .tg-nav-color,#grid-2548 .tg-search-icon:hover:before,#grid-2548 .tg-search-icon:hover input,#grid-2548 .tg-disabled:hover .tg-icon-left-arrow,#grid-2548 .tg-disabled:hover .tg-icon-right-arrow,#grid-2548 .tg-dropdown-title.tg-nav-color:hover{color:#999999}#grid-2548 input.tg-search:hover{color:#999999 !important}#grid-2548 input.tg-search::-webkit-input-placeholder{color:#999999}#grid-2548 input.tg-search::-moz-placeholder{color:#999999;opacity:1}#grid-2548 input.tg-search:-ms-input-placeholder{color:#999999}.grid-2548 .tg-dropdown-item{color:#777777;background:#ffffff}.grid-2548 .tg-filter-active,.grid-2548 .tg-dropdown-item:hover{color:#444444;background:#f5f6fa}#grid-2548 .tg-slider-bullets li.tg-active-item span{background:#59585b}#grid-2548 .tg-slider-bullets li span{background:#DDDDDD}@font-face{font-family:'Open Sans';font-style:normal;font-weight:400;src:local('Open Sans Regular'),local('OpenSans-Regular'),url(http:\/\/fonts.gstatic.com\/s\/opensans\/v15\/mem8YaGs126MiZpBA-UFVZ0e.ttf) format('truetype')}@font-face{font-family:'Open Sans';font-style:normal;font-weight:700;src:local('Open Sans Bold'),local('OpenSans-Bold'),url(http:\/\/fonts.gstatic.com\/s\/opensans\/v15\/mem5YaGs126MiZpBA-UN7rgOUuhs.ttf) format('truetype')}.tg-prague-fullscreen a:not([class*=\"tg-element-\"]),.tg-prague-fullscreen a:not([class*=\"tg-element-\"]):active,.tg-prague-fullscreen a:not([class*=\"tg-element-\"]):focus,.tg-prague-fullscreen [class*=\"tg-element-\"] *:not(del){margin:0;padding:0;color:inherit !important;text-align:inherit;font-size:inherit;font-style:inherit;line-height:inherit;font-weight:inherit;text-transform:inherit;text-decoration:inherit;-webkit-box-shadow:none;box-shadow:none;border:none}.tg-prague-fullscreen [class*=\"tg-element-\"],.tg-prague-fullscreen .tg-item-overlay,.tg-prague-fullscreen .tg-center-holder,.tg-prague-fullscreen .tg-center-inner > *{vertical-align:middle}.tg-prague-fullscreen .tg-item-overlay{background-color:rgba(0,0,0,0) !important}.tg-prague-fullscreen div.tg-item-media-content{background-color:#ffffff !important}.tg-prague-fullscreen .tg-element-1{position:relative;font-size:22px;line-height:40px;color:#222222 !important;font-weight:700;font-family:Open Sans;text-transform:lowercase;text-align:center;letter-spacing:0.2px;display:block;margin:0 0 5px;padding:0;-webkit-transition:all 700ms ease;-moz-transition:all 700ms ease;-ms-transition:all 700ms ease;transition:all 700ms ease}.tg-prague-fullscreen .tg-element-1:hover{opacity:0.74 !important}.tg-prague-fullscreen .tg-element-2{position:relative;font-size:18px;line-height:1.6em;color:rgba(0,0,0,0.4) !important;font-weight:400;font-family:Open Sans;text-align:center;display:block}.tg-prague-fullscreen .tg-element-2 .tg-item-term{position:relative;display:inline-block}.tg-prague-fullscreen .tg-item-media-content{opacity:0;visibility:hidden;background-color:#fff;position:absolute;top:20px;right:20px;bottom:20px;left:20px;transition:opacity .55s ease,visibility .55s ease;width:auto!important;height:auto!important;z-index:2}.tg-prague-fullscreen:hover .tg-item-media-content{opacity:1;visibility:visible}.tg-prague-fullscreen .category{font-family:\"Open Sans\",sans-serif}.tg-prague-fullscreen::before{content:\"\";position:absolute;top:0;right:0;bottom:0;left:0;transition:opacity .55s ease,visibility .55s ease;-webkit-background-size:cover;background-size:cover;background-repeat:no-repeat;background-position:center;background-color:;opacity:0;visibility:hidden;z-index:1}.tg-prague-fullscreen:hover::before{opacity:1;visibility:visible}.tg-item .tg-dark div,.tg-item .tg-dark h1,.tg-item .tg-dark h1 a,.tg-item .tg-dark h2,.tg-item .tg-dark h2 a,.tg-item .tg-dark h3,.tg-item .tg-dark h3 a,.tg-item .tg-dark h4,.tg-item .tg-dark h4 a,.tg-item .tg-dark h5,.tg-item .tg-dark h5 a,.tg-item .tg-dark h6,.tg-item .tg-dark h6 a,.tg-item .tg-dark a,.tg-item .tg-dark a.tg-link-url,.tg-item .tg-dark i,.tg-item .tg-dark .tg-media-button,.tg-item .tg-dark .tg-item-price span{color:#444444;fill:#444444;stroke:#444444;border-color:#444444}.tg-item .tg-dark p,.tg-item .tg-dark ol,.tg-item .tg-dark ul,.tg-item .tg-dark li{color:#777777;fill:#777777;stroke:#777777;border-color:#777777}.tg-item .tg-dark span,.tg-item .tg-dark .no-liked .to-heart-icon path,.tg-item .tg-dark .empty-heart .to-heart-icon path,.tg-item .tg-dark .tg-item-comment i,.tg-item .tg-dark .tg-item-price del span{color:#999999;fill:#999999;stroke:#999999;border-color:#999999}.tg-item .tg-light div,.tg-item .tg-light h1,.tg-item .tg-light h1 a,.tg-item .tg-light h2,.tg-item .tg-light h2 a,.tg-item .tg-light h3,.tg-item .tg-light h3 a,.tg-item .tg-light h4,.tg-item .tg-light h4 a,.tg-item .tg-light h5,.tg-item .tg-light h5 a,.tg-item .tg-light h6,.tg-item .tg-light h6 a,.tg-item .tg-light a,.tg-item .tg-light a.tg-link-url,.tg-item .tg-light i,.tg-item .tg-light .tg-media-button,.tg-item .tg-light .tg-item-price span{color:#ffffff;fill:#ffffff;stroke:#ffffff;border-color:#ffffff}.tg-item .tg-light p,.tg-item .tg-light ol,.tg-item .tg-light ul,.tg-item .tg-light li{color:#f5f5f5;fill:#f5f5f5;stroke:#f5f5f5;border-color:#f5f5f5}.tg-item .tg-light span,.tg-item .tg-light .no-liked .to-heart-icon path,.tg-item .tg-light .empty-heart .to-heart-icon path,.tg-item .tg-light .tg-item-comment i,.tg-item .tg-light .tg-item-price del span{color:#f6f6f6;fill:#f6f6f6;stroke:#f6f6f6;border-color:#f6f6f6}#grid-2548 .tg-item-content-holder{background-color:#ffffff}#grid-2548 .tg-item-overlay{background-color:rgba(22,22,22,0.65)}@media only screen and (max-width:768px){.tg-prague-fullscreen .title{font-size:32px;margin-bottom:5px}.tg-prague-fullscreen .category{font-size:15px}}<\/style><!-- The Grid Item Sizer --><div class=\"tg-grid-sizer\"><\/div><!-- The Grid Gutter Sizer --><div class=\"tg-gutter-sizer\"><\/div><!-- The Grid Items Holder --><div class=\"tg-grid-holder tg-layout-masonry\"  data-name=\"Prague Projects Fullscreen New\"  data-style=\"masonry\" data-row=\"1\" data-layout=\"vertical\" data-rtl=\"\" data-fitrows=\"\" data-filtercomb=\"\" data-filterlogic=\"AND\" data-filterload =\"0\" data-sortbyload =\"\" data-orderload =\"false\" data-fullwidth=\"1\" data-fullheight=\"null\" data-gutters=\"[[320,0],[480,0],[768,0],[992,0],[1200,0],[9999,0]]\" data-slider='{\"itemNav\":\"null\",\"swingSpeed\":0.1,\"cycleBy\":\"null\",\"cycle\":5000,\"startAt\":1}' data-ratio=\"1.00\" data-cols=\"[[320,1],[480,1],[768,2],[992,3],[1200,4],[9999,4]]\" data-rows=\"[[320,200],[480,200],[768,220],[992,220],[1200,240],[9999,240]]\" data-animation='{&quot;name&quot;:&quot;Fade in&quot;,&quot;visible&quot;:&quot;&quot;,&quot;hidden&quot;:&quot;&quot;}' data-transition=\"700ms\" data-ajaxmethod=\"load_more\" data-ajaxdelay=\"100\" data-preloader=\"\" data-itemdelay=\"100\" data-gallery=\"\" data-ajax=\"\"><!-- The Grid item #1 --><article class=\"tg-item tg-post-614 tg-prague-fullscreen f27\" data-row=\"1\" data-col=\"1\"><div class=\"tg-item-inner\"><div class=\"tg-item-media-holder tg-\"><div class=\"tg-item-media-inner\"><img fetchpriority=\"high\" decoding=\"async\" class=\"tg-item-image\" alt=\"\" width=\"1920\" height=\"1080\" src=\"https:\/\/ffg.com.tr\/wp-content\/uploads\/2017\/01\/05-min.jpg\"><\/div><div class=\"tg-item-media-content \"><div class=\"tg-center-holder\"><div class=\"tg-center-inner\"><h3 class=\"tg-item-title tg-element-1 title\"><a target=\"_self\" href=\"https:\/\/ffg.com.tr\/index.php\/projects-item\/geyikbayri-villas\/\">Geyikbayr\u0131 Villas<\/a><\/h3><span class=\"tg-cats-holder tg-element-2 category\"><a class=\"projects-category\" href=\"https:\/\/ffg.com.tr\/index.php\/projects-category\/konut-villalar\/\" rel=\"category\" data-term-id=\"27\"><span class=\"tg-item-term\" >Konut &amp; Villalar<\/span><\/a><\/span><\/div><\/div><\/div><\/div><\/div><\/article><!-- The Grid item #2 --><article class=\"tg-item tg-post-612 tg-prague-fullscreen f27\" data-row=\"1\" data-col=\"1\"><div class=\"tg-item-inner\"><div class=\"tg-item-media-holder tg-\"><div class=\"tg-item-media-inner\"><img decoding=\"async\" class=\"tg-item-image\" alt=\"\" width=\"1920\" height=\"1080\" src=\"https:\/\/ffg.com.tr\/wp-content\/uploads\/2017\/01\/a_render3son-min-1.jpg\"><\/div><div class=\"tg-item-media-content \"><div class=\"tg-center-holder\"><div class=\"tg-center-inner\"><h3 class=\"tg-item-title tg-element-1 title\"><a target=\"_self\" href=\"https:\/\/ffg.com.tr\/index.php\/projects-item\/ersoz-komisyon-insaat\/\">Ers\u00f6z Komisyon \u0130n\u015faat<\/a><\/h3><span class=\"tg-cats-holder tg-element-2 category\"><a class=\"projects-category\" href=\"https:\/\/ffg.com.tr\/index.php\/projects-category\/konut-villalar\/\" rel=\"category\" data-term-id=\"27\"><span class=\"tg-item-term\" >Konut &amp; Villalar<\/span><\/a><\/span><\/div><\/div><\/div><\/div><\/div><\/article><!-- The Grid item #3 --><article class=\"tg-item tg-post-609 tg-prague-fullscreen f27\" data-row=\"1\" data-col=\"1\"><div class=\"tg-item-inner\"><div class=\"tg-item-media-holder tg-\"><div class=\"tg-item-media-inner\"><img decoding=\"async\" class=\"tg-item-image\" alt=\"\" width=\"1920\" height=\"1080\" src=\"https:\/\/ffg.com.tr\/wp-content\/uploads\/2017\/01\/Image1_006.png\"><\/div><div class=\"tg-item-media-content \"><div class=\"tg-center-holder\"><div class=\"tg-center-inner\"><h3 class=\"tg-item-title tg-element-1 title\"><a target=\"_self\" href=\"https:\/\/ffg.com.tr\/index.php\/projects-item\/bayuk-recidence\/\">Bayuk Rec\u0131dence<\/a><\/h3><span class=\"tg-cats-holder tg-element-2 category\"><a class=\"projects-category\" href=\"https:\/\/ffg.com.tr\/index.php\/projects-category\/konut-villalar\/\" rel=\"category\" data-term-id=\"27\"><span class=\"tg-item-term\" >Konut &amp; Villalar<\/span><\/a><\/span><\/div><\/div><\/div><\/div><\/div><\/article><!-- The Grid item #4 --><article class=\"tg-item tg-post-613 tg-prague-fullscreen f25\" data-row=\"1\" data-col=\"1\"><div class=\"tg-item-inner\"><div class=\"tg-item-media-holder tg-\"><div class=\"tg-item-media-inner\"><img loading=\"lazy\" decoding=\"async\" class=\"tg-item-image\" alt=\"\" width=\"1920\" height=\"1080\" src=\"https:\/\/ffg.com.tr\/wp-content\/uploads\/2017\/01\/a_render1son-min.jpg\"><\/div><div class=\"tg-item-media-content \"><div class=\"tg-center-holder\"><div class=\"tg-center-inner\"><h3 class=\"tg-item-title tg-element-1 title\"><a target=\"_self\" href=\"https:\/\/ffg.com.tr\/index.php\/projects-item\/belek-emlak\/\">Belek Emlak<\/a><\/h3><span class=\"tg-cats-holder tg-element-2 category\"><a class=\"projects-category\" href=\"https:\/\/ffg.com.tr\/index.php\/projects-category\/karma-kullanim\/\" rel=\"category\" data-term-id=\"25\"><span class=\"tg-item-term\" >Karma kullan\u0131m<\/span><\/a><\/span><\/div><\/div><\/div><\/div><\/div><\/article><!-- The Grid item #5 --><article class=\"tg-item tg-post-611 tg-prague-fullscreen f27\" data-row=\"1\" data-col=\"1\"><div class=\"tg-item-inner\"><div class=\"tg-item-media-holder tg-\"><div class=\"tg-item-media-inner\"><img loading=\"lazy\" decoding=\"async\" class=\"tg-item-image\" alt=\"\" width=\"1920\" height=\"1080\" src=\"https:\/\/ffg.com.tr\/wp-content\/uploads\/2017\/01\/Image1_000.png\"><\/div><div class=\"tg-item-media-content \"><div class=\"tg-center-holder\"><div class=\"tg-center-inner\"><h3 class=\"tg-item-title tg-element-1 title\"><a target=\"_self\" href=\"https:\/\/ffg.com.tr\/index.php\/projects-item\/molla-yusuf\/\">Molla Yusuf<\/a><\/h3><span class=\"tg-cats-holder tg-element-2 category\"><a class=\"projects-category\" href=\"https:\/\/ffg.com.tr\/index.php\/projects-category\/konut-villalar\/\" rel=\"category\" data-term-id=\"27\"><span class=\"tg-item-term\" >Konut &amp; Villalar<\/span><\/a><\/span><\/div><\/div><\/div><\/div><\/div><\/article><!-- The Grid item #6 --><article class=\"tg-item tg-post-607 tg-prague-fullscreen f27\" data-row=\"1\" data-col=\"1\"><div class=\"tg-item-inner\"><div class=\"tg-item-media-holder tg-\"><div class=\"tg-item-media-inner\"><img loading=\"lazy\" decoding=\"async\" class=\"tg-item-image\" alt=\"\" width=\"2000\" height=\"1280\" src=\"https:\/\/ffg.com.tr\/wp-content\/uploads\/2017\/01\/RRRRRRR.jpg\"><\/div><div class=\"tg-item-media-content \"><div class=\"tg-center-holder\"><div class=\"tg-center-inner\"><h3 class=\"tg-item-title tg-element-1 title\"><a target=\"_self\" href=\"https:\/\/ffg.com.tr\/index.php\/projects-item\/villa-belek\/\">Villa Belek<\/a><\/h3><span class=\"tg-cats-holder tg-element-2 category\"><a class=\"projects-category\" href=\"https:\/\/ffg.com.tr\/index.php\/projects-category\/konut-villalar\/\" rel=\"category\" data-term-id=\"27\"><span class=\"tg-item-term\" >Konut &amp; Villalar<\/span><\/a><\/span><\/div><\/div><\/div><\/div><\/div><\/article><!-- The Grid item #7 --><article class=\"tg-item tg-post-1355 tg-prague-fullscreen f25\" data-row=\"1\" data-col=\"1\"><div class=\"tg-item-inner\"><div class=\"tg-item-media-holder tg-\"><div class=\"tg-item-media-inner\"><img loading=\"lazy\" decoding=\"async\" class=\"tg-item-image\" alt=\"\" width=\"1000\" height=\"640\" src=\"https:\/\/ffg.com.tr\/wp-content\/uploads\/2017\/01\/9-2.jpg\"><\/div><div class=\"tg-item-media-content \"><div class=\"tg-center-holder\"><div class=\"tg-center-inner\"><h3 class=\"tg-item-title tg-element-1 title\"><a target=\"_self\" href=\"https:\/\/ffg.com.tr\/index.php\/projects-item\/everfree-yatch-office\/\">Everfree Yatch Office<\/a><\/h3><span class=\"tg-cats-holder tg-element-2 category\"><a class=\"projects-category\" href=\"https:\/\/ffg.com.tr\/index.php\/projects-category\/karma-kullanim\/\" rel=\"category\" data-term-id=\"25\"><span class=\"tg-item-term\" >Karma kullan\u0131m<\/span><\/a><\/span><\/div><\/div><\/div><\/div><\/div><\/article><!-- The Grid item #8 --><article class=\"tg-item tg-post-1393 tg-prague-fullscreen f27\" data-row=\"1\" data-col=\"1\"><div class=\"tg-item-inner\"><div class=\"tg-item-media-holder tg-\"><div class=\"tg-item-media-inner\"><img loading=\"lazy\" decoding=\"async\" class=\"tg-item-image\" alt=\"\" width=\"2560\" height=\"1440\" src=\"https:\/\/ffg.com.tr\/wp-content\/uploads\/2017\/01\/3-scaled.jpg\"><\/div><div class=\"tg-item-media-content \"><div class=\"tg-center-holder\"><div class=\"tg-center-inner\"><h3 class=\"tg-item-title tg-element-1 title\"><a target=\"_self\" href=\"https:\/\/ffg.com.tr\/index.php\/projects-item\/ramses\/\">Ramses<\/a><\/h3><span class=\"tg-cats-holder tg-element-2 category\"><a class=\"projects-category\" href=\"https:\/\/ffg.com.tr\/index.php\/projects-category\/konut-villalar\/\" rel=\"category\" data-term-id=\"27\"><span class=\"tg-item-term\" >Konut &amp; Villalar<\/span><\/a><\/span><\/div><\/div><\/div><\/div><\/div><\/article><!-- The Grid item #9 --><article class=\"tg-item tg-post-1371 tg-prague-fullscreen f25\" data-row=\"1\" data-col=\"1\"><div class=\"tg-item-inner\"><div class=\"tg-item-media-holder tg-\"><div class=\"tg-item-media-inner\"><img loading=\"lazy\" decoding=\"async\" class=\"tg-item-image\" alt=\"\" width=\"1000\" height=\"640\" src=\"https:\/\/ffg.com.tr\/wp-content\/uploads\/2017\/01\/3-2.jpg\"><\/div><div class=\"tg-item-media-content \"><div class=\"tg-center-holder\"><div class=\"tg-center-inner\"><h3 class=\"tg-item-title tg-element-1 title\"><a target=\"_self\" href=\"https:\/\/ffg.com.tr\/index.php\/projects-item\/arac-showroom\/\">Ara\u00e7 Showroom<\/a><\/h3><span class=\"tg-cats-holder tg-element-2 category\"><a class=\"projects-category\" href=\"https:\/\/ffg.com.tr\/index.php\/projects-category\/karma-kullanim\/\" rel=\"category\" data-term-id=\"25\"><span class=\"tg-item-term\" >Karma kullan\u0131m<\/span><\/a><\/span><\/div><\/div><\/div><\/div><\/div><\/article><\/div><\/div><!-- The Grid Wrapper End --><\/p><\/div>\n\t\t\t\t\n            <\/div>\n\t\t\t\t\t\t\t<\/div>\n\t\t\t\t<\/div>\n\t\t\t\t<\/div>\n\t\t\t\t<\/div>\n\t\t","protected":false},"excerpt":{"rendered":"","protected":false},"author":1,"featured_media":0,"parent":0,"menu_order":0,"comment_status":"closed","ping_status":"closed","template":"elementor_header_footer","meta":{"footnotes":""},"class_list":["post-4581","page","type-page","status-publish","hentry"],"featured_image_src":"","featured_image_src_square":"","_links":{"self":[{"href":"https:\/\/ffg.com.tr\/index.php\/wp-json\/wp\/v2\/pages\/4581","targetHints":{"allow":["GET"]}}],"collection":[{"href":"https:\/\/ffg.com.tr\/index.php\/wp-json\/wp\/v2\/pages"}],"about":[{"href":"https:\/\/ffg.com.tr\/index.php\/wp-json\/wp\/v2\/types\/page"}],"author":[{"embeddable":true,"href":"https:\/\/ffg.com.tr\/index.php\/wp-json\/wp\/v2\/users\/1"}],"replies":[{"embeddable":true,"href":"https:\/\/ffg.com.tr\/index.php\/wp-json\/wp\/v2\/comments?post=4581"}],"version-history":[{"count":2,"href":"https:\/\/ffg.com.tr\/index.php\/wp-json\/wp\/v2\/pages\/4581\/revisions"}],"predecessor-version":[{"id":5610,"href":"https:\/\/ffg.com.tr\/index.php\/wp-json\/wp\/v2\/pages\/4581\/revisions\/5610"}],"wp:attachment":[{"href":"https:\/\/ffg.com.tr\/index.php\/wp-json\/wp\/v2\/media?parent=4581"}],"curies":[{"name":"wp","href":"https:\/\/api.w.org\/{rel}","templated":true}]}}